{"id":961,"date":"2013-06-15T20:41:24","date_gmt":"2013-06-15T20:41:24","guid":{"rendered":"http:\/\/www.jiva.cz\/?page_id=961"},"modified":"2013-06-16T18:38:38","modified_gmt":"2013-06-16T18:38:38","slug":"amenagement-des-laboratoires","status":"publish","type":"page","link":"https:\/\/www.jiva.cz\/fr\/service-fr\/sante\/amenagement-des-laboratoires","title":{"rendered":"Am\u00e9nagement des laboratoires"},"content":{"rendered":"<p>Nous sommes en mesure de fabriquer sur mesure des produits m\u00eame tr\u00e8s atypiques et conform\u00e9ment aux besoins des laboratoires et des lieux de travail dans des \u00e9tablissements de R&amp;D.<\/p>\nngg_shortcode_0_placeholder\n","protected":false},"excerpt":{"rendered":"<p>Nous sommes en mesure de fabriquer sur mesure des produits m\u00eame tr\u00e8s atypiques et conform\u00e9ment aux besoins des laboratoires et des lieux de travail dans des \u00e9tablissements de R&amp;D.<\/p>\n","protected":false},"author":2,"featured_media":278,"parent":954,"menu_order":0,"comment_status":"closed","ping_status":"closed","template":"","meta":{"ngg_post_thumbnail":0},"_links":{"self":[{"href":"https:\/\/www.jiva.cz\/fr\/wp-json\/wp\/v2\/pages\/961"}],"collection":[{"href":"https:\/\/www.jiva.cz\/fr\/wp-json\/wp\/v2\/pages"}],"about":[{"href":"https:\/\/www.jiva.cz\/fr\/wp-json\/wp\/v2\/types\/page"}],"author":[{"embeddable":true,"href":"https:\/\/www.jiva.cz\/fr\/wp-json\/wp\/v2\/users\/2"}],"replies":[{"embeddable":true,"href":"https:\/\/www.jiva.cz\/fr\/wp-json\/wp\/v2\/comments?post=961"}],"version-history":[{"count":0,"href":"https:\/\/www.jiva.cz\/fr\/wp-json\/wp\/v2\/pages\/961\/revisions"}],"up":[{"embeddable":true,"href":"https:\/\/www.jiva.cz\/fr\/wp-json\/wp\/v2\/pages\/954"}],"wp:featuredmedia":[{"embeddable":true,"href":"https:\/\/www.jiva.cz\/fr\/wp-json\/wp\/v2\/media\/278"}],"wp:attachment":[{"href":"https:\/\/www.jiva.cz\/fr\/wp-json\/wp\/v2\/media?parent=961"}],"curies":[{"name":"wp","href":"https:\/\/api.w.org\/{rel}","templated":true}]}}