{"id":963,"date":"2013-06-15T20:41:58","date_gmt":"2013-06-15T20:41:58","guid":{"rendered":"http:\/\/www.jiva.cz\/?page_id=963"},"modified":"2013-11-08T13:37:07","modified_gmt":"2013-11-08T13:37:07","slug":"constructions","status":"publish","type":"page","link":"https:\/\/www.jiva.cz\/fr\/service-fr\/constructions","title":{"rendered":"Constructions"},"content":{"rendered":"<p>La soci\u00e9t\u00e9 Jiva Jir\u00e1k, \u00e0 part de ses gammes de produits larges, est capable de r\u00e9agir d\u2019une mani\u00e8re flexible et de fabriquer des types de produits sur commande pour le domaine de la construction, et tout ceci gr\u00e2ce \u00e0 son exp\u00e9rience dans le domaine d\u2019ing\u00e9nierie et de production des installations en inox pour de grandes cuisines et des \u00e9tablissements de sant\u00e9. Vous pouvez b\u00e9n\u00e9ficier de ces exp\u00e9riences pour les arri\u00e8res de votre vie de famille et des exploitations des soci\u00e9t\u00e9s ayant d\u2019autres activit\u00e9s.<\/p>\n","protected":false},"excerpt":{"rendered":"<p>La soci\u00e9t\u00e9 Jiva Jir\u00e1k, \u00e0 part de ses gammes de produits larges, est capable de r\u00e9agir d\u2019une mani\u00e8re flexible et de fabriquer des types de produits sur commande pour le domaine de la construction, et tout ceci gr\u00e2ce \u00e0 son exp\u00e9rience dans le domaine d\u2019ing\u00e9nierie et de production des installations en inox pour de grandes [&hellip;]<\/p>\n","protected":false},"author":2,"featured_media":1587,"parent":1010,"menu_order":0,"comment_status":"closed","ping_status":"closed","template":"","meta":{"ngg_post_thumbnail":0},"_links":{"self":[{"href":"https:\/\/www.jiva.cz\/fr\/wp-json\/wp\/v2\/pages\/963"}],"collection":[{"href":"https:\/\/www.jiva.cz\/fr\/wp-json\/wp\/v2\/pages"}],"about":[{"href":"https:\/\/www.jiva.cz\/fr\/wp-json\/wp\/v2\/types\/page"}],"author":[{"embeddable":true,"href":"https:\/\/www.jiva.cz\/fr\/wp-json\/wp\/v2\/users\/2"}],"replies":[{"embeddable":true,"href":"https:\/\/www.jiva.cz\/fr\/wp-json\/wp\/v2\/comments?post=963"}],"version-history":[{"count":0,"href":"https:\/\/www.jiva.cz\/fr\/wp-json\/wp\/v2\/pages\/963\/revisions"}],"up":[{"embeddable":true,"href":"https:\/\/www.jiva.cz\/fr\/wp-json\/wp\/v2\/pages\/1010"}],"wp:featuredmedia":[{"embeddable":true,"href":"https:\/\/www.jiva.cz\/fr\/wp-json\/wp\/v2\/media\/1587"}],"wp:attachment":[{"href":"https:\/\/www.jiva.cz\/fr\/wp-json\/wp\/v2\/media?parent=963"}],"curies":[{"name":"wp","href":"https:\/\/api.w.org\/{rel}","templated":true}]}}