{"id":966,"date":"2013-06-15T20:44:15","date_gmt":"2013-06-15T20:44:15","guid":{"rendered":"http:\/\/www.jiva.cz\/?page_id=966"},"modified":"2013-06-16T18:33:35","modified_gmt":"2013-06-16T18:33:35","slug":"equerres-dangle","status":"publish","type":"page","link":"https:\/\/www.jiva.cz\/fr\/service-fr\/constructions\/equerres-dangle","title":{"rendered":"Equerres d\u2018angle"},"content":{"rendered":"<p>Un \u00e9l\u00e9ment de protection pratique pour prot\u00e9ger des angles ext\u00e9rieurs des murs en manipulant des chariots et des outils. Nous adaptons des dimensions et des formes des \u00e9querres d\u2019angle aux demandes des clients.<\/p>\nngg_shortcode_0_placeholder\n","protected":false},"excerpt":{"rendered":"<p>Un \u00e9l\u00e9ment de protection pratique pour prot\u00e9ger des angles ext\u00e9rieurs des murs en manipulant des chariots et des outils. Nous adaptons des dimensions et des formes des \u00e9querres d\u2019angle aux demandes des clients.<\/p>\n","protected":false},"author":2,"featured_media":435,"parent":963,"menu_order":0,"comment_status":"closed","ping_status":"closed","template":"","meta":{"ngg_post_thumbnail":0},"_links":{"self":[{"href":"https:\/\/www.jiva.cz\/fr\/wp-json\/wp\/v2\/pages\/966"}],"collection":[{"href":"https:\/\/www.jiva.cz\/fr\/wp-json\/wp\/v2\/pages"}],"about":[{"href":"https:\/\/www.jiva.cz\/fr\/wp-json\/wp\/v2\/types\/page"}],"author":[{"embeddable":true,"href":"https:\/\/www.jiva.cz\/fr\/wp-json\/wp\/v2\/users\/2"}],"replies":[{"embeddable":true,"href":"https:\/\/www.jiva.cz\/fr\/wp-json\/wp\/v2\/comments?post=966"}],"version-history":[{"count":0,"href":"https:\/\/www.jiva.cz\/fr\/wp-json\/wp\/v2\/pages\/966\/revisions"}],"up":[{"embeddable":true,"href":"https:\/\/www.jiva.cz\/fr\/wp-json\/wp\/v2\/pages\/963"}],"wp:featuredmedia":[{"embeddable":true,"href":"https:\/\/www.jiva.cz\/fr\/wp-json\/wp\/v2\/media\/435"}],"wp:attachment":[{"href":"https:\/\/www.jiva.cz\/fr\/wp-json\/wp\/v2\/media?parent=966"}],"curies":[{"name":"wp","href":"https:\/\/api.w.org\/{rel}","templated":true}]}}