{"id":968,"date":"2013-06-15T20:45:03","date_gmt":"2013-06-15T20:45:03","guid":{"rendered":"http:\/\/www.jiva.cz\/?page_id=968"},"modified":"2013-06-16T18:33:03","modified_gmt":"2013-06-16T18:33:03","slug":"hottes-aspirantes","status":"publish","type":"page","link":"https:\/\/www.jiva.cz\/fr\/service-fr\/constructions\/hottes-aspirantes","title":{"rendered":"Hottes aspirantes"},"content":{"rendered":"<p>Nous avons une exp\u00e9rience de longue dur\u00e9e avec la production et la mise en place des ces dispositifs de tout type d\u2019exploitation. C\u2019est pourquoi nous adaptons notre offre tant aux grands \u00e9tablissements qu\u2019aux \u00e9tablissements plus petits et aux maisons. Il va de soi, que nous sommes en mesure de fabriquer des hottes aspirantes en fonction de la forme requise et des dimensions demand\u00e9es par le client. N\u00e9anmoins, nous tenons \u00e0 pr\u00e9ciser que notre soci\u00e9t\u00e9 n\u2019assure pas l\u2019\u00e9laboration des plans \u2013 nous fabriquons uniquement des installations demand\u00e9es.<\/p>\nngg_shortcode_0_placeholder\n","protected":false},"excerpt":{"rendered":"<p>Nous avons une exp\u00e9rience de longue dur\u00e9e avec la production et la mise en place des ces dispositifs de tout type d\u2019exploitation. C\u2019est pourquoi nous adaptons notre offre tant aux grands \u00e9tablissements qu\u2019aux \u00e9tablissements plus petits et aux maisons. Il va de soi, que nous sommes en mesure de fabriquer des hottes aspirantes en fonction [&hellip;]<\/p>\n","protected":false},"author":2,"featured_media":435,"parent":963,"menu_order":0,"comment_status":"closed","ping_status":"closed","template":"","meta":{"ngg_post_thumbnail":0},"_links":{"self":[{"href":"https:\/\/www.jiva.cz\/fr\/wp-json\/wp\/v2\/pages\/968"}],"collection":[{"href":"https:\/\/www.jiva.cz\/fr\/wp-json\/wp\/v2\/pages"}],"about":[{"href":"https:\/\/www.jiva.cz\/fr\/wp-json\/wp\/v2\/types\/page"}],"author":[{"embeddable":true,"href":"https:\/\/www.jiva.cz\/fr\/wp-json\/wp\/v2\/users\/2"}],"replies":[{"embeddable":true,"href":"https:\/\/www.jiva.cz\/fr\/wp-json\/wp\/v2\/comments?post=968"}],"version-history":[{"count":0,"href":"https:\/\/www.jiva.cz\/fr\/wp-json\/wp\/v2\/pages\/968\/revisions"}],"up":[{"embeddable":true,"href":"https:\/\/www.jiva.cz\/fr\/wp-json\/wp\/v2\/pages\/963"}],"wp:featuredmedia":[{"embeddable":true,"href":"https:\/\/www.jiva.cz\/fr\/wp-json\/wp\/v2\/media\/435"}],"wp:attachment":[{"href":"https:\/\/www.jiva.cz\/fr\/wp-json\/wp\/v2\/media?parent=968"}],"curies":[{"name":"wp","href":"https:\/\/api.w.org\/{rel}","templated":true}]}}