{"id":972,"date":"2013-06-15T20:46:11","date_gmt":"2013-06-15T20:46:11","guid":{"rendered":"http:\/\/www.jiva.cz\/?page_id=972"},"modified":"2014-08-13T21:36:25","modified_gmt":"2014-08-13T21:36:25","slug":"mobilier","status":"publish","type":"page","link":"https:\/\/www.jiva.cz\/fr\/service-fr\/mobilier","title":{"rendered":"Mobilier"},"content":{"rendered":"<p>La soci\u00e9t\u00e9 Jiva Jir\u00e1k propose une gamme de produits destin\u00e9e aux espaces publics, parcs, halls, vestibules. Nous garantissons pour tous les produits une r\u00e9alisation de qualit\u00e9, un aspect moderne et une longue dur\u00e9e de vie. Il n\u2019est pas n\u00e9cessaire de se fier juste au catalogue, nous sommes en mesure de fabriquer tout sur mesure et s\u2019adapter pleinement aux demandes du client.<\/p>\n","protected":false},"excerpt":{"rendered":"<p>La soci\u00e9t\u00e9 Jiva Jir\u00e1k propose une gamme de produits destin\u00e9e aux espaces publics, parcs, halls, vestibules. Nous garantissons pour tous les produits une r\u00e9alisation de qualit\u00e9, un aspect moderne et une longue dur\u00e9e de vie. Il n\u2019est pas n\u00e9cessaire de se fier juste au catalogue, nous sommes en mesure de fabriquer tout sur mesure et [&hellip;]<\/p>\n","protected":false},"author":2,"featured_media":1761,"parent":1010,"menu_order":0,"comment_status":"closed","ping_status":"closed","template":"","meta":{"ngg_post_thumbnail":0},"_links":{"self":[{"href":"https:\/\/www.jiva.cz\/fr\/wp-json\/wp\/v2\/pages\/972"}],"collection":[{"href":"https:\/\/www.jiva.cz\/fr\/wp-json\/wp\/v2\/pages"}],"about":[{"href":"https:\/\/www.jiva.cz\/fr\/wp-json\/wp\/v2\/types\/page"}],"author":[{"embeddable":true,"href":"https:\/\/www.jiva.cz\/fr\/wp-json\/wp\/v2\/users\/2"}],"replies":[{"embeddable":true,"href":"https:\/\/www.jiva.cz\/fr\/wp-json\/wp\/v2\/comments?post=972"}],"version-history":[{"count":0,"href":"https:\/\/www.jiva.cz\/fr\/wp-json\/wp\/v2\/pages\/972\/revisions"}],"up":[{"embeddable":true,"href":"https:\/\/www.jiva.cz\/fr\/wp-json\/wp\/v2\/pages\/1010"}],"wp:featuredmedia":[{"embeddable":true,"href":"https:\/\/www.jiva.cz\/fr\/wp-json\/wp\/v2\/media\/1761"}],"wp:attachment":[{"href":"https:\/\/www.jiva.cz\/fr\/wp-json\/wp\/v2\/media?parent=972"}],"curies":[{"name":"wp","href":"https:\/\/api.w.org\/{rel}","templated":true}]}}