{"id":973,"date":"2013-06-15T20:46:45","date_gmt":"2013-06-15T20:46:45","guid":{"rendered":"http:\/\/www.jiva.cz\/?page_id=973"},"modified":"2013-06-16T18:28:43","modified_gmt":"2013-06-16T18:28:43","slug":"bancs","status":"publish","type":"page","link":"https:\/\/www.jiva.cz\/fr\/service-fr\/mobilier\/bancs","title":{"rendered":"Bancs"},"content":{"rendered":"<p>Nous proposons des bancs vari\u00e9s en inox. Les bancs b\u00e9n\u00e9ficient d\u2019un design moderne qui convient aux ext\u00e9rieurs, aux halls ou vestibules. Ils correspondent \u00e0 l\u2019anatomie du corps humain et la position assise y est tr\u00e8s agr\u00e9able. Mais leur plus grand avantage consiste au fait qu\u2019ils ne n\u00e9cessitent aucun entretien et leur \u00e9tat ne change pas.<\/p>\nngg_shortcode_0_placeholder\n","protected":false},"excerpt":{"rendered":"<p>Nous proposons des bancs vari\u00e9s en inox. Les bancs b\u00e9n\u00e9ficient d\u2019un design moderne qui convient aux ext\u00e9rieurs, aux halls ou vestibules. Ils correspondent \u00e0 l\u2019anatomie du corps humain et la position assise y est tr\u00e8s agr\u00e9able. Mais leur plus grand avantage consiste au fait qu\u2019ils ne n\u00e9cessitent aucun entretien et leur \u00e9tat ne change pas.<\/p>\n","protected":false},"author":2,"featured_media":280,"parent":972,"menu_order":0,"comment_status":"closed","ping_status":"closed","template":"","meta":{"ngg_post_thumbnail":0},"_links":{"self":[{"href":"https:\/\/www.jiva.cz\/fr\/wp-json\/wp\/v2\/pages\/973"}],"collection":[{"href":"https:\/\/www.jiva.cz\/fr\/wp-json\/wp\/v2\/pages"}],"about":[{"href":"https:\/\/www.jiva.cz\/fr\/wp-json\/wp\/v2\/types\/page"}],"author":[{"embeddable":true,"href":"https:\/\/www.jiva.cz\/fr\/wp-json\/wp\/v2\/users\/2"}],"replies":[{"embeddable":true,"href":"https:\/\/www.jiva.cz\/fr\/wp-json\/wp\/v2\/comments?post=973"}],"version-history":[{"count":0,"href":"https:\/\/www.jiva.cz\/fr\/wp-json\/wp\/v2\/pages\/973\/revisions"}],"up":[{"embeddable":true,"href":"https:\/\/www.jiva.cz\/fr\/wp-json\/wp\/v2\/pages\/972"}],"wp:featuredmedia":[{"embeddable":true,"href":"https:\/\/www.jiva.cz\/fr\/wp-json\/wp\/v2\/media\/280"}],"wp:attachment":[{"href":"https:\/\/www.jiva.cz\/fr\/wp-json\/wp\/v2\/media?parent=973"}],"curies":[{"name":"wp","href":"https:\/\/api.w.org\/{rel}","templated":true}]}}