{"id":977,"date":"2013-06-15T20:48:46","date_gmt":"2013-06-15T20:48:46","guid":{"rendered":"http:\/\/www.jiva.cz\/?page_id=977"},"modified":"2013-06-16T18:28:04","modified_gmt":"2013-06-16T18:28:04","slug":"supports-divers","status":"publish","type":"page","link":"https:\/\/www.jiva.cz\/fr\/service-fr\/mobilier\/supports-divers","title":{"rendered":"Accessoires"},"content":{"rendered":"<p>Cette cat\u00e9gorie de produits concentre tout ce qui n\u2019est pas possible de classer dans des gammes de produits dites \u201acatalogue\u2018. Pour citer un exemple: rosace perfor\u00e9e en inox pour arbres o\u00f9 formes, dimensions et finitions peuvent \u00eatre faites conform\u00e9ment \u00e0 la demande du client. Les possibilit\u00e9s de production sur mesure sont infinies. La soci\u00e9t\u00e9 Jiva Jir\u00e1k a fabriqu\u00e9 par exemple sur demande pour la soci\u00e9t\u00e9 tch\u00e8que des chemins de fer les lettres d\u2019enseigne de la Gare Principale de Prague en inox.<\/p>\nngg_shortcode_0_placeholder\n","protected":false},"excerpt":{"rendered":"<p>Cette cat\u00e9gorie de produits concentre tout ce qui n\u2019est pas possible de classer dans des gammes de produits dites \u201acatalogue\u2018. Pour citer un exemple: rosace perfor\u00e9e en inox pour arbres o\u00f9 formes, dimensions et finitions peuvent \u00eatre faites conform\u00e9ment \u00e0 la demande du client. Les possibilit\u00e9s de production sur mesure sont infinies. La soci\u00e9t\u00e9 Jiva [&hellip;]<\/p>\n","protected":false},"author":2,"featured_media":280,"parent":972,"menu_order":0,"comment_status":"closed","ping_status":"closed","template":"","meta":{"ngg_post_thumbnail":0},"_links":{"self":[{"href":"https:\/\/www.jiva.cz\/fr\/wp-json\/wp\/v2\/pages\/977"}],"collection":[{"href":"https:\/\/www.jiva.cz\/fr\/wp-json\/wp\/v2\/pages"}],"about":[{"href":"https:\/\/www.jiva.cz\/fr\/wp-json\/wp\/v2\/types\/page"}],"author":[{"embeddable":true,"href":"https:\/\/www.jiva.cz\/fr\/wp-json\/wp\/v2\/users\/2"}],"replies":[{"embeddable":true,"href":"https:\/\/www.jiva.cz\/fr\/wp-json\/wp\/v2\/comments?post=977"}],"version-history":[{"count":0,"href":"https:\/\/www.jiva.cz\/fr\/wp-json\/wp\/v2\/pages\/977\/revisions"}],"up":[{"embeddable":true,"href":"https:\/\/www.jiva.cz\/fr\/wp-json\/wp\/v2\/pages\/972"}],"wp:featuredmedia":[{"embeddable":true,"href":"https:\/\/www.jiva.cz\/fr\/wp-json\/wp\/v2\/media\/280"}],"wp:attachment":[{"href":"https:\/\/www.jiva.cz\/fr\/wp-json\/wp\/v2\/media?parent=977"}],"curies":[{"name":"wp","href":"https:\/\/api.w.org\/{rel}","templated":true}]}}