{"id":980,"date":"2013-06-15T20:49:43","date_gmt":"2013-06-15T20:49:43","guid":{"rendered":"http:\/\/www.jiva.cz\/?page_id=980"},"modified":"2013-06-16T18:30:00","modified_gmt":"2013-06-16T18:30:00","slug":"cache-pots","status":"publish","type":"page","link":"https:\/\/www.jiva.cz\/fr\/service-fr\/mobilier\/cache-pots","title":{"rendered":"Cache-pots"},"content":{"rendered":"<p>Cet accessoire pratique et d\u2019aspect moderne des espaces publics est pratiquement indestructible et facile d\u2019entretien. Nous proposons des pots de fleurs vari\u00e9s et nous sommes en mesure de r\u00e9pondre aux demandes atypiques en ce qui concerne les dimensions et les r\u00e9alisations.<\/p>\nngg_shortcode_0_placeholder\n","protected":false},"excerpt":{"rendered":"<p>Cet accessoire pratique et d\u2019aspect moderne des espaces publics est pratiquement indestructible et facile d\u2019entretien. Nous proposons des pots de fleurs vari\u00e9s et nous sommes en mesure de r\u00e9pondre aux demandes atypiques en ce qui concerne les dimensions et les r\u00e9alisations.<\/p>\n","protected":false},"author":2,"featured_media":280,"parent":972,"menu_order":0,"comment_status":"closed","ping_status":"closed","template":"","meta":{"ngg_post_thumbnail":0},"_links":{"self":[{"href":"https:\/\/www.jiva.cz\/fr\/wp-json\/wp\/v2\/pages\/980"}],"collection":[{"href":"https:\/\/www.jiva.cz\/fr\/wp-json\/wp\/v2\/pages"}],"about":[{"href":"https:\/\/www.jiva.cz\/fr\/wp-json\/wp\/v2\/types\/page"}],"author":[{"embeddable":true,"href":"https:\/\/www.jiva.cz\/fr\/wp-json\/wp\/v2\/users\/2"}],"replies":[{"embeddable":true,"href":"https:\/\/www.jiva.cz\/fr\/wp-json\/wp\/v2\/comments?post=980"}],"version-history":[{"count":0,"href":"https:\/\/www.jiva.cz\/fr\/wp-json\/wp\/v2\/pages\/980\/revisions"}],"up":[{"embeddable":true,"href":"https:\/\/www.jiva.cz\/fr\/wp-json\/wp\/v2\/pages\/972"}],"wp:featuredmedia":[{"embeddable":true,"href":"https:\/\/www.jiva.cz\/fr\/wp-json\/wp\/v2\/media\/280"}],"wp:attachment":[{"href":"https:\/\/www.jiva.cz\/fr\/wp-json\/wp\/v2\/media?parent=980"}],"curies":[{"name":"wp","href":"https:\/\/api.w.org\/{rel}","templated":true}]}}