{"id":982,"date":"2013-06-15T20:50:10","date_gmt":"2013-06-15T20:50:10","guid":{"rendered":"http:\/\/www.jiva.cz\/?page_id=982"},"modified":"2013-06-16T18:31:43","modified_gmt":"2013-06-16T18:31:43","slug":"stations-de-bus","status":"publish","type":"page","link":"https:\/\/www.jiva.cz\/fr\/service-fr\/mobilier\/stations-de-bus","title":{"rendered":"Stations de bus"},"content":{"rendered":"<p>Les stations de bus en inox d\u2019aspect sobre et pratique se composent d\u2019une structure en inox et de panneaux en verre ou en m\u00e9lamin\u00e9. Les stations sont fix\u00e9es aux supports b\u00e9tons.<\/p>\nngg_shortcode_0_placeholder\n","protected":false},"excerpt":{"rendered":"<p>Les stations de bus en inox d\u2019aspect sobre et pratique se composent d\u2019une structure en inox et de panneaux en verre ou en m\u00e9lamin\u00e9. Les stations sont fix\u00e9es aux supports b\u00e9tons.<\/p>\n","protected":false},"author":2,"featured_media":280,"parent":972,"menu_order":0,"comment_status":"closed","ping_status":"closed","template":"","meta":{"ngg_post_thumbnail":0},"_links":{"self":[{"href":"https:\/\/www.jiva.cz\/fr\/wp-json\/wp\/v2\/pages\/982"}],"collection":[{"href":"https:\/\/www.jiva.cz\/fr\/wp-json\/wp\/v2\/pages"}],"about":[{"href":"https:\/\/www.jiva.cz\/fr\/wp-json\/wp\/v2\/types\/page"}],"author":[{"embeddable":true,"href":"https:\/\/www.jiva.cz\/fr\/wp-json\/wp\/v2\/users\/2"}],"replies":[{"embeddable":true,"href":"https:\/\/www.jiva.cz\/fr\/wp-json\/wp\/v2\/comments?post=982"}],"version-history":[{"count":0,"href":"https:\/\/www.jiva.cz\/fr\/wp-json\/wp\/v2\/pages\/982\/revisions"}],"up":[{"embeddable":true,"href":"https:\/\/www.jiva.cz\/fr\/wp-json\/wp\/v2\/pages\/972"}],"wp:featuredmedia":[{"embeddable":true,"href":"https:\/\/www.jiva.cz\/fr\/wp-json\/wp\/v2\/media\/280"}],"wp:attachment":[{"href":"https:\/\/www.jiva.cz\/fr\/wp-json\/wp\/v2\/media?parent=982"}],"curies":[{"name":"wp","href":"https:\/\/api.w.org\/{rel}","templated":true}]}}