{"id":986,"date":"2013-06-15T20:53:36","date_gmt":"2013-06-15T20:53:36","guid":{"rendered":"http:\/\/www.jiva.cz\/?page_id=986"},"modified":"2013-06-16T18:31:07","modified_gmt":"2013-06-16T18:31:07","slug":"supports-divers-2","status":"publish","type":"page","link":"https:\/\/www.jiva.cz\/fr\/service-fr\/mobilier\/supports-divers-2","title":{"rendered":"Supports divers"},"content":{"rendered":"<p>Une offre vari\u00e9e des supports m\u00e8ne aux applications les plus larges. Ils servent \u00e0 communiquer des informations au public, \u00e0 afficher des publicit\u00e9s ou comme \u00a0supports-v\u00e9los, etc. Il est vraiment difficile d\u2019\u00e9num\u00e9rer des produits de ce segment, car en fonction de la demande du client, nous sommes en mesure de fabriquer des \u00e9l\u00e9ments vari\u00e9s \u00e0 destination concr\u00e8te.<\/p>\nngg_shortcode_0_placeholder\n","protected":false},"excerpt":{"rendered":"<p>Une offre vari\u00e9e des supports m\u00e8ne aux applications les plus larges. Ils servent \u00e0 communiquer des informations au public, \u00e0 afficher des publicit\u00e9s ou comme \u00a0supports-v\u00e9los, etc. Il est vraiment difficile d\u2019\u00e9num\u00e9rer des produits de ce segment, car en fonction de la demande du client, nous sommes en mesure de fabriquer des \u00e9l\u00e9ments vari\u00e9s \u00e0 [&hellip;]<\/p>\n","protected":false},"author":2,"featured_media":280,"parent":972,"menu_order":0,"comment_status":"closed","ping_status":"closed","template":"","meta":{"ngg_post_thumbnail":0},"_links":{"self":[{"href":"https:\/\/www.jiva.cz\/fr\/wp-json\/wp\/v2\/pages\/986"}],"collection":[{"href":"https:\/\/www.jiva.cz\/fr\/wp-json\/wp\/v2\/pages"}],"about":[{"href":"https:\/\/www.jiva.cz\/fr\/wp-json\/wp\/v2\/types\/page"}],"author":[{"embeddable":true,"href":"https:\/\/www.jiva.cz\/fr\/wp-json\/wp\/v2\/users\/2"}],"replies":[{"embeddable":true,"href":"https:\/\/www.jiva.cz\/fr\/wp-json\/wp\/v2\/comments?post=986"}],"version-history":[{"count":0,"href":"https:\/\/www.jiva.cz\/fr\/wp-json\/wp\/v2\/pages\/986\/revisions"}],"up":[{"embeddable":true,"href":"https:\/\/www.jiva.cz\/fr\/wp-json\/wp\/v2\/pages\/972"}],"wp:featuredmedia":[{"embeddable":true,"href":"https:\/\/www.jiva.cz\/fr\/wp-json\/wp\/v2\/media\/280"}],"wp:attachment":[{"href":"https:\/\/www.jiva.cz\/fr\/wp-json\/wp\/v2\/media?parent=986"}],"curies":[{"name":"wp","href":"https:\/\/api.w.org\/{rel}","templated":true}]}}