{"id":988,"date":"2013-06-15T20:54:16","date_gmt":"2013-06-15T20:54:16","guid":{"rendered":"http:\/\/www.jiva.cz\/?page_id=988"},"modified":"2013-06-16T18:29:24","modified_gmt":"2013-06-16T18:29:24","slug":"fontaines-a-boire-et-fontaines-publiques","status":"publish","type":"page","link":"https:\/\/www.jiva.cz\/fr\/service-fr\/mobilier\/fontaines-a-boire-et-fontaines-publiques","title":{"rendered":"Fontaines \u00e0 boire et fontaines publiques"},"content":{"rendered":"<p>Les bornes de fontaines \u00e0 boire se composent d\u2019une borne, d\u2019une bouche, d\u2019une tyaux d\u2019\u00e9vacuation plac\u00e9 sous robinet et devant borne et du robinet lui-m\u00eame. La borne est fix\u00e9e au sol \u2013 base de la fontaine \u00e0 boire.<\/p>\nngg_shortcode_0_placeholder\n","protected":false},"excerpt":{"rendered":"<p>Les bornes de fontaines \u00e0 boire se composent d\u2019une borne, d\u2019une bouche, d\u2019une tyaux d\u2019\u00e9vacuation plac\u00e9 sous robinet et devant borne et du robinet lui-m\u00eame. La borne est fix\u00e9e au sol \u2013 base de la fontaine \u00e0 boire.<\/p>\n","protected":false},"author":2,"featured_media":280,"parent":972,"menu_order":0,"comment_status":"closed","ping_status":"closed","template":"","meta":{"ngg_post_thumbnail":0},"_links":{"self":[{"href":"https:\/\/www.jiva.cz\/fr\/wp-json\/wp\/v2\/pages\/988"}],"collection":[{"href":"https:\/\/www.jiva.cz\/fr\/wp-json\/wp\/v2\/pages"}],"about":[{"href":"https:\/\/www.jiva.cz\/fr\/wp-json\/wp\/v2\/types\/page"}],"author":[{"embeddable":true,"href":"https:\/\/www.jiva.cz\/fr\/wp-json\/wp\/v2\/users\/2"}],"replies":[{"embeddable":true,"href":"https:\/\/www.jiva.cz\/fr\/wp-json\/wp\/v2\/comments?post=988"}],"version-history":[{"count":0,"href":"https:\/\/www.jiva.cz\/fr\/wp-json\/wp\/v2\/pages\/988\/revisions"}],"up":[{"embeddable":true,"href":"https:\/\/www.jiva.cz\/fr\/wp-json\/wp\/v2\/pages\/972"}],"wp:featuredmedia":[{"embeddable":true,"href":"https:\/\/www.jiva.cz\/fr\/wp-json\/wp\/v2\/media\/280"}],"wp:attachment":[{"href":"https:\/\/www.jiva.cz\/fr\/wp-json\/wp\/v2\/media?parent=988"}],"curies":[{"name":"wp","href":"https:\/\/api.w.org\/{rel}","templated":true}]}}