{"id":990,"date":"2013-06-15T20:54:45","date_gmt":"2013-06-15T20:54:45","guid":{"rendered":"http:\/\/www.jiva.cz\/?page_id=990"},"modified":"2013-06-16T18:21:22","modified_gmt":"2013-06-16T18:21:22","slug":"maison-et-jardin","status":"publish","type":"page","link":"https:\/\/www.jiva.cz\/fr\/service-fr\/maison-et-jardin","title":{"rendered":"Maison et jardin"},"content":{"rendered":"<p>La soci\u00e9t\u00e9 Jiva Jir\u00e1k propose de nombreux accessoires en inox pour les int\u00e9rieurs des appartements, immeubles, arri\u00e8res des maisons individuelles, mais \u00e9galement pour des bureaux et \/ou des locaux de production ou de stockage. Pour les jardins, nous proposons \u00e9galement la combinaison de l\u2019inox avec le bois exotique ou les panneaux Werzalit qui garantissent la quasi indestructibilit\u00e9 du mobilier de jardin.<\/p>\n","protected":false},"excerpt":{"rendered":"<p>La soci\u00e9t\u00e9 Jiva Jir\u00e1k propose de nombreux accessoires en inox pour les int\u00e9rieurs des appartements, immeubles, arri\u00e8res des maisons individuelles, mais \u00e9galement pour des bureaux et \/ou des locaux de production ou de stockage. Pour les jardins, nous proposons \u00e9galement la combinaison de l\u2019inox avec le bois exotique ou les panneaux Werzalit qui garantissent la [&hellip;]<\/p>\n","protected":false},"author":2,"featured_media":282,"parent":1010,"menu_order":0,"comment_status":"closed","ping_status":"closed","template":"","meta":{"ngg_post_thumbnail":0},"_links":{"self":[{"href":"https:\/\/www.jiva.cz\/fr\/wp-json\/wp\/v2\/pages\/990"}],"collection":[{"href":"https:\/\/www.jiva.cz\/fr\/wp-json\/wp\/v2\/pages"}],"about":[{"href":"https:\/\/www.jiva.cz\/fr\/wp-json\/wp\/v2\/types\/page"}],"author":[{"embeddable":true,"href":"https:\/\/www.jiva.cz\/fr\/wp-json\/wp\/v2\/users\/2"}],"replies":[{"embeddable":true,"href":"https:\/\/www.jiva.cz\/fr\/wp-json\/wp\/v2\/comments?post=990"}],"version-history":[{"count":0,"href":"https:\/\/www.jiva.cz\/fr\/wp-json\/wp\/v2\/pages\/990\/revisions"}],"up":[{"embeddable":true,"href":"https:\/\/www.jiva.cz\/fr\/wp-json\/wp\/v2\/pages\/1010"}],"wp:featuredmedia":[{"embeddable":true,"href":"https:\/\/www.jiva.cz\/fr\/wp-json\/wp\/v2\/media\/282"}],"wp:attachment":[{"href":"https:\/\/www.jiva.cz\/fr\/wp-json\/wp\/v2\/media?parent=990"}],"curies":[{"name":"wp","href":"https:\/\/api.w.org\/{rel}","templated":true}]}}