{"id":991,"date":"2013-06-15T20:55:21","date_gmt":"2013-06-15T20:55:21","guid":{"rendered":"http:\/\/www.jiva.cz\/?page_id=991"},"modified":"2013-06-19T07:27:15","modified_gmt":"2013-06-19T07:27:15","slug":"bureaux-et-tables-basses","status":"publish","type":"page","link":"https:\/\/www.jiva.cz\/fr\/service-fr\/maison-et-jardin\/bureaux-et-tables-basses","title":{"rendered":"Bureaux et tables basses"},"content":{"rendered":"<p>En fonction de la demande du client, nous sommes en mesure de fabriquer sur mesure des bureaux ou des tables basses de diff\u00e9rentes formes ou de constructions. La combinaison de diff\u00e9rents mat\u00e9riaux \u00e0 utiliser est tout \u00e0 fait possible. La majorit\u00e9 des bureaux et des tables est con\u00e7ue de fa\u00e7on que le panneau sup\u00e9rieur soit facilement amovible.<\/p>\nngg_shortcode_0_placeholder\n","protected":false},"excerpt":{"rendered":"<p>En fonction de la demande du client, nous sommes en mesure de fabriquer sur mesure des bureaux ou des tables basses de diff\u00e9rentes formes ou de constructions. La combinaison de diff\u00e9rents mat\u00e9riaux \u00e0 utiliser est tout \u00e0 fait possible. La majorit\u00e9 des bureaux et des tables est con\u00e7ue de fa\u00e7on que le panneau sup\u00e9rieur soit [&hellip;]<\/p>\n","protected":false},"author":2,"featured_media":282,"parent":990,"menu_order":0,"comment_status":"closed","ping_status":"closed","template":"","meta":{"ngg_post_thumbnail":0},"_links":{"self":[{"href":"https:\/\/www.jiva.cz\/fr\/wp-json\/wp\/v2\/pages\/991"}],"collection":[{"href":"https:\/\/www.jiva.cz\/fr\/wp-json\/wp\/v2\/pages"}],"about":[{"href":"https:\/\/www.jiva.cz\/fr\/wp-json\/wp\/v2\/types\/page"}],"author":[{"embeddable":true,"href":"https:\/\/www.jiva.cz\/fr\/wp-json\/wp\/v2\/users\/2"}],"replies":[{"embeddable":true,"href":"https:\/\/www.jiva.cz\/fr\/wp-json\/wp\/v2\/comments?post=991"}],"version-history":[{"count":0,"href":"https:\/\/www.jiva.cz\/fr\/wp-json\/wp\/v2\/pages\/991\/revisions"}],"up":[{"embeddable":true,"href":"https:\/\/www.jiva.cz\/fr\/wp-json\/wp\/v2\/pages\/990"}],"wp:featuredmedia":[{"embeddable":true,"href":"https:\/\/www.jiva.cz\/fr\/wp-json\/wp\/v2\/media\/282"}],"wp:attachment":[{"href":"https:\/\/www.jiva.cz\/fr\/wp-json\/wp\/v2\/media?parent=991"}],"curies":[{"name":"wp","href":"https:\/\/api.w.org\/{rel}","templated":true}]}}