{"id":993,"date":"2013-06-15T20:55:57","date_gmt":"2013-06-15T20:55:57","guid":{"rendered":"http:\/\/www.jiva.cz\/?page_id=993"},"modified":"2013-06-19T07:28:34","modified_gmt":"2013-06-19T07:28:34","slug":"chaises","status":"publish","type":"page","link":"https:\/\/www.jiva.cz\/fr\/service-fr\/maison-et-jardin\/chaises","title":{"rendered":"Chaises"},"content":{"rendered":"<p>En fonction de la demande du client, nous sommes en mesure de r\u00e9pondre pr\u00e9cis\u00e9ment aux souhaits concernant les formes, les constructions et les applications. La combinaison de diff\u00e9rents mat\u00e9riaux \u00e0 utiliser est tout \u00e0 fait possible.<\/p>\nngg_shortcode_0_placeholder\n","protected":false},"excerpt":{"rendered":"<p>En fonction de la demande du client, nous sommes en mesure de r\u00e9pondre pr\u00e9cis\u00e9ment aux souhaits concernant les formes, les constructions et les applications. La combinaison de diff\u00e9rents mat\u00e9riaux \u00e0 utiliser est tout \u00e0 fait possible.<\/p>\n","protected":false},"author":2,"featured_media":282,"parent":990,"menu_order":0,"comment_status":"closed","ping_status":"closed","template":"","meta":{"ngg_post_thumbnail":0},"_links":{"self":[{"href":"https:\/\/www.jiva.cz\/fr\/wp-json\/wp\/v2\/pages\/993"}],"collection":[{"href":"https:\/\/www.jiva.cz\/fr\/wp-json\/wp\/v2\/pages"}],"about":[{"href":"https:\/\/www.jiva.cz\/fr\/wp-json\/wp\/v2\/types\/page"}],"author":[{"embeddable":true,"href":"https:\/\/www.jiva.cz\/fr\/wp-json\/wp\/v2\/users\/2"}],"replies":[{"embeddable":true,"href":"https:\/\/www.jiva.cz\/fr\/wp-json\/wp\/v2\/comments?post=993"}],"version-history":[{"count":0,"href":"https:\/\/www.jiva.cz\/fr\/wp-json\/wp\/v2\/pages\/993\/revisions"}],"up":[{"embeddable":true,"href":"https:\/\/www.jiva.cz\/fr\/wp-json\/wp\/v2\/pages\/990"}],"wp:featuredmedia":[{"embeddable":true,"href":"https:\/\/www.jiva.cz\/fr\/wp-json\/wp\/v2\/media\/282"}],"wp:attachment":[{"href":"https:\/\/www.jiva.cz\/fr\/wp-json\/wp\/v2\/media?parent=993"}],"curies":[{"name":"wp","href":"https:\/\/api.w.org\/{rel}","templated":true}]}}