{"id":998,"date":"2013-06-15T20:57:25","date_gmt":"2013-06-15T20:57:25","guid":{"rendered":"http:\/\/www.jiva.cz\/?page_id=998"},"modified":"2013-06-16T18:23:01","modified_gmt":"2013-06-16T18:23:01","slug":"rayonnages-et-etageres","status":"publish","type":"page","link":"https:\/\/www.jiva.cz\/fr\/service-fr\/maison-et-jardin\/rayonnages-et-etageres","title":{"rendered":"Rayonnages et \u00e9tag\u00e8res"},"content":{"rendered":"<p>Une solution \u00e9l\u00e9gante, une installation facile, une capacit\u00e9 de charge \u00e9lev\u00e9e et une longue dur\u00e9e de vie. Voici une simple description de la gamme Rayonnages et \u00e9tag\u00e8res qui ne peut pas manquer dans nos r\u00e9alisations. Nous satisfons les demandes des clients \u2013 dimensions, aspect, nombre de plateaux, etc.<\/p>\nngg_shortcode_0_placeholder\n","protected":false},"excerpt":{"rendered":"<p>Une solution \u00e9l\u00e9gante, une installation facile, une capacit\u00e9 de charge \u00e9lev\u00e9e et une longue dur\u00e9e de vie. Voici une simple description de la gamme Rayonnages et \u00e9tag\u00e8res qui ne peut pas manquer dans nos r\u00e9alisations. Nous satisfons les demandes des clients \u2013 dimensions, aspect, nombre de plateaux, etc.<\/p>\n","protected":false},"author":2,"featured_media":282,"parent":990,"menu_order":0,"comment_status":"closed","ping_status":"closed","template":"","meta":{"ngg_post_thumbnail":0},"_links":{"self":[{"href":"https:\/\/www.jiva.cz\/fr\/wp-json\/wp\/v2\/pages\/998"}],"collection":[{"href":"https:\/\/www.jiva.cz\/fr\/wp-json\/wp\/v2\/pages"}],"about":[{"href":"https:\/\/www.jiva.cz\/fr\/wp-json\/wp\/v2\/types\/page"}],"author":[{"embeddable":true,"href":"https:\/\/www.jiva.cz\/fr\/wp-json\/wp\/v2\/users\/2"}],"replies":[{"embeddable":true,"href":"https:\/\/www.jiva.cz\/fr\/wp-json\/wp\/v2\/comments?post=998"}],"version-history":[{"count":0,"href":"https:\/\/www.jiva.cz\/fr\/wp-json\/wp\/v2\/pages\/998\/revisions"}],"up":[{"embeddable":true,"href":"https:\/\/www.jiva.cz\/fr\/wp-json\/wp\/v2\/pages\/990"}],"wp:featuredmedia":[{"embeddable":true,"href":"https:\/\/www.jiva.cz\/fr\/wp-json\/wp\/v2\/media\/282"}],"wp:attachment":[{"href":"https:\/\/www.jiva.cz\/fr\/wp-json\/wp\/v2\/media?parent=998"}],"curies":[{"name":"wp","href":"https:\/\/api.w.org\/{rel}","templated":true}]}}