{"id":1018,"date":"2013-06-15T21:12:19","date_gmt":"2013-06-15T21:12:19","guid":{"rendered":"http:\/\/www.jiva.cz\/?page_id=1018"},"modified":"2013-09-02T10:19:35","modified_gmt":"2013-09-02T10:19:35","slug":"%d0%ba%d0%be%d0%bd%d1%82%d0%b0%d0%ba%d1%82","status":"publish","type":"page","link":"https:\/\/www.jiva.cz\/ru\/%d0%ba%d0%be%d0%bd%d1%82%d0%b0%d0%ba%d1%82","title":{"rendered":"\u041a\u043e\u043d\u0442\u0430\u043a\u0442"},"content":{"rendered":"<h2>??? ??? ??????<\/h2>\n<p>???? ???????? ????????? ? ??????? ??????, ????? ? ?????????? ?????????? ?? ????? ? ??????????? ?????? ???????. ????? ??????????? ??? ??????????? ???? ????????, ??? ???????????????? ????. ??? ??????? ???????? ? ????? ?????????, ??????????, ????????? ? ????? ??????? ??????.<\/p>\n<div class=\"grid-row\">\n<div class=\"col i6\">\n<p><strong>Jiva Jir\u00e1k, spol. s r.o.<\/strong><br \/>\nK Jahod\u00e1rn? 170, Vestec u Prahy, 252 42 po\u0161ta Jesenice<br \/>\n???.: 241 931 828<br \/>\n????: 241 932 062<br \/>\nemail: <a href=\"mailto:info@jiva.cz\">info@jiva.cz<\/a><\/p>\n<p><a title=\"Mapa\" href=\"https:\/\/maps.google.com\/maps?q=K+Jahod%C3%A1rn%C4%9B+170,+Vestec+u+Prahy&amp;hl=en&amp;ie=UTF8&amp;ll=49.980605,14.505558&amp;spn=0.012529,0.033023&amp;sll=37.0625,-95.677068&amp;sspn=62.057085,135.263672&amp;hnear=K+Jahod%C3%A1rn%C4%9B+170,+252+42+Vestec,+Czech+Republic&amp;t=m&amp;z=16\" target=\"_blank\"><img loading=\"lazy\" alt=\"mapa.jpg, 51kB\" src=\"http:\/\/www.jiva.cz\/wp-content\/uploads\/2013\/04\/mapa.jpg\" width=\"411\" height=\"233\" \/><\/a><\/p>\n<\/div>\n<div class=\"col i6 no-print\">\n<h2>?????????? ?????<\/h2>\n<p>???????? ???<\/p>\n<p>[contact-form-7 id=&#187;1268&#8243;]<\/p>\n<\/div>\n<\/div>\n","protected":false},"excerpt":{"rendered":"<p>??? ??? ?????? ???? ???????? ????????? ? ??????? ??????, ????? ? ?????????? ?????????? ?? ????? ? ??????????? ?????? ???????. ????? ??????????? ??? ??????????? ???? ????????, ??? ???????????????? ????. ??? ??????? ???????? ? ????? ?????????, ??????????, ????????? ? ????? ??????? ??????. Jiva Jir\u00e1k, spol. s r.o. K Jahod\u00e1rn? 170, Vestec u Prahy, 252 42 po\u0161ta Jesenice [&hellip;]<\/p>\n","protected":false},"author":2,"featured_media":1448,"parent":0,"menu_order":0,"comment_status":"closed","ping_status":"closed","template":"tpl_contact.php","meta":{"ngg_post_thumbnail":0},"_links":{"self":[{"href":"https:\/\/www.jiva.cz\/ru\/wp-json\/wp\/v2\/pages\/1018"}],"collection":[{"href":"https:\/\/www.jiva.cz\/ru\/wp-json\/wp\/v2\/pages"}],"about":[{"href":"https:\/\/www.jiva.cz\/ru\/wp-json\/wp\/v2\/types\/page"}],"author":[{"embeddable":true,"href":"https:\/\/www.jiva.cz\/ru\/wp-json\/wp\/v2\/users\/2"}],"replies":[{"embeddable":true,"href":"https:\/\/www.jiva.cz\/ru\/wp-json\/wp\/v2\/comments?post=1018"}],"version-history":[{"count":0,"href":"https:\/\/www.jiva.cz\/ru\/wp-json\/wp\/v2\/pages\/1018\/revisions"}],"wp:featuredmedia":[{"embeddable":true,"href":"https:\/\/www.jiva.cz\/ru\/wp-json\/wp\/v2\/media\/1448"}],"wp:attachment":[{"href":"https:\/\/www.jiva.cz\/ru\/wp-json\/wp\/v2\/media?parent=1018"}],"curies":[{"name":"wp","href":"https:\/\/api.w.org\/{rel}","templated":true}]}}