{"id":1091,"date":"2013-06-15T21:48:44","date_gmt":"2013-06-15T21:48:44","guid":{"rendered":"http:\/\/www.jiva.cz\/?page_id=1091"},"modified":"2015-08-31T09:10:22","modified_gmt":"2015-08-31T09:10:22","slug":"%d1%81%d0%b5%d1%80%d1%82%d0%b8%d1%84%d0%b8%d0%ba%d0%b0%d1%86%d0%b8%d1%8f","status":"publish","type":"page","link":"https:\/\/www.jiva.cz\/ru\/%d1%81%d0%b5%d1%80%d1%82%d0%b8%d1%84%d0%b8%d0%ba%d0%b0%d1%86%d0%b8%d1%8f","title":{"rendered":"\u0421\u0435\u0440\u0442\u0438\u0444\u0438\u043a\u0430\u0446\u0438\u044f"},"content":{"rendered":"<p><a href=\"http:\/\/www.jiva.cz\/wp-content\/uploads\/2015\/08\/iso-ANGL..pdf\" target=\"_blank\" rel=\"attachment wp-att-1803\"><img loading=\"lazy\" class=\"wp-image-103 alignleft\" style=\"border: 1px solid black;\" alt=\"certifikat_9001_cz\" src=\"http:\/\/www.jiva.cz\/wp-content\/uploads\/2015\/01\/certifikat_9001_en.jpg\" width=\"192\" height=\"136\" \/><\/a><\/p>\n<p><em id=\"__mceDel\"><a href=\"http:\/\/www.jiva.cz\/wp-content\/uploads\/2013\/05\/nbu.pdf\" target=\"_blank\"><img loading=\"lazy\" class=\"wp-image-103 alignleft\" style=\"border: 1px solid black;\" alt=\"nbu\" src=\"http:\/\/www.jiva.cz\/wp-content\/uploads\/2013\/04\/nbu1-300x213.jpg\" width=\"192\" height=\"136\" srcset=\"https:\/\/www.jiva.cz\/wp-content\/uploads\/2013\/04\/nbu1-300x213.jpg 300w, https:\/\/www.jiva.cz\/wp-content\/uploads\/2013\/04\/nbu1-1024x727.jpg 1024w, https:\/\/www.jiva.cz\/wp-content\/uploads\/2013\/04\/nbu1.jpg 1141w\" sizes=\"(max-width: 192px) 100vw, 192px\" \/><\/a><a href=\"http:\/\/www.jiva.cz\/wp-content\/uploads\/2013\/06\/Osv?d?en\u00ed-o-?lenstv\u00ed-Asociace-v\u00fdr.-a-dod.-zdravotnick\u00fdch-prost?edk?-RJ.pdf\" target=\"_blank\"><img loading=\"lazy\" class=\"wp-image-107 alignleft\" style=\"border: 1px solid black;\" alt=\"osvedceni\" src=\"http:\/\/www.jiva.cz\/wp-content\/uploads\/2013\/06\/osvedceni_o_clenstvi_ru.jpg\" width=\"192\" height=\"136\" \/><\/a><a href=\"http:\/\/www.jiva.cz\/wp-content\/uploads\/2013\/05\/odborny.pdf\" target=\"_blank\"><img loading=\"lazy\" class=\"wp-image-102 alignleft\" style=\"border: 1px solid black;\" alt=\"odborny\" src=\"http:\/\/www.jiva.cz\/wp-content\/uploads\/2013\/04\/odborny-300x213.jpg\" width=\"192\" height=\"136\" srcset=\"https:\/\/www.jiva.cz\/wp-content\/uploads\/2013\/04\/odborny-300x213.jpg 300w, https:\/\/www.jiva.cz\/wp-content\/uploads\/2013\/04\/odborny-1024x727.jpg 1024w, https:\/\/www.jiva.cz\/wp-content\/uploads\/2013\/04\/odborny.jpg 1141w\" sizes=\"(max-width: 192px) 100vw, 192px\" \/><\/a><\/em><\/p>\n","protected":false},"excerpt":{"rendered":"","protected":false},"author":2,"featured_media":378,"parent":0,"menu_order":0,"comment_status":"closed","ping_status":"closed","template":"","meta":{"ngg_post_thumbnail":0},"_links":{"self":[{"href":"https:\/\/www.jiva.cz\/ru\/wp-json\/wp\/v2\/pages\/1091"}],"collection":[{"href":"https:\/\/www.jiva.cz\/ru\/wp-json\/wp\/v2\/pages"}],"about":[{"href":"https:\/\/www.jiva.cz\/ru\/wp-json\/wp\/v2\/types\/page"}],"author":[{"embeddable":true,"href":"https:\/\/www.jiva.cz\/ru\/wp-json\/wp\/v2\/users\/2"}],"replies":[{"embeddable":true,"href":"https:\/\/www.jiva.cz\/ru\/wp-json\/wp\/v2\/comments?post=1091"}],"version-history":[{"count":0,"href":"https:\/\/www.jiva.cz\/ru\/wp-json\/wp\/v2\/pages\/1091\/revisions"}],"wp:featuredmedia":[{"embeddable":true,"href":"https:\/\/www.jiva.cz\/ru\/wp-json\/wp\/v2\/media\/378"}],"wp:attachment":[{"href":"https:\/\/www.jiva.cz\/ru\/wp-json\/wp\/v2\/media?parent=1091"}],"curies":[{"name":"wp","href":"https:\/\/api.w.org\/{rel}","templated":true}]}}